{"id":83426,"date":"2020-04-07T18:49:30","date_gmt":"2020-04-07T16:49:30","guid":{"rendered":"https:\/\/www.profi-krtko.sk\/?page_id=83426"},"modified":"2020-04-07T20:43:04","modified_gmt":"2020-04-07T18:43:04","slug":"galeria","status":"publish","type":"page","link":"https:\/\/www.profi-krtko.sk\/?page_id=83426","title":{"rendered":"gal\u00e9ria"},"content":{"rendered":"<p>[vc_row row_height_percent=&#8220;0&#8243; override_padding=&#8220;yes&#8220; h_padding=&#8220;2&#8243; top_padding=&#8220;2&#8243; bottom_padding=&#8220;1&#8243; overlay_alpha=&#8220;50&#8243; gutter_size=&#8220;3&#8243; column_width_percent=&#8220;100&#8243; shift_y=&#8220;0&#8243; z_index=&#8220;0&#8243;][vc_column column_width_percent=&#8220;100&#8243; position_vertical=&#8220;middle&#8220; gutter_size=&#8220;4&#8243; overlay_alpha=&#8220;50&#8243; shift_x=&#8220;0&#8243; shift_y=&#8220;0&#8243; shift_y_down=&#8220;0&#8243; z_index=&#8220;0&#8243; medium_width=&#8220;0&#8243; mobile_width=&#8220;0&#8243; width=&#8220;1\/1&#8243;][vc_custom_heading text_font=&#8220;font-762333&#8243; text_weight=&#8220;800&#8243; text_color=&#8220;color-vyce&#8220; css_animation=&#8220;bottom-t-top&#8220; animation_delay=&#8220;400&#8243;]NA\u0160E STROJE[\/vc_custom_heading][\/vc_column][\/vc_row][vc_row row_height_percent=&#8220;0&#8243; override_padding=&#8220;yes&#8220; h_padding=&#8220;2&#8243; top_padding=&#8220;2&#8243; bottom_padding=&#8220;2&#8243; overlay_alpha=&#8220;100&#8243; gutter_size=&#8220;100&#8243; column_width_percent=&#8220;100&#8243; shift_y=&#8220;0&#8243; z_index=&#8220;0&#8243; style=&#8220;inherited&#8220;][vc_column column_width_percent=&#8220;100&#8243; align_horizontal=&#8220;align_center&#8220; gutter_size=&#8220;3&#8243; overlay_alpha=&#8220;50&#8243; shift_x=&#8220;0&#8243; shift_y=&#8220;0&#8243; medium_width=&#8220;0&#8243; zoom_width=&#8220;0&#8243; zoom_height=&#8220;0&#8243; width=&#8220;1\/1&#8243;][vc_gallery el_id=&#8220;gallery-3&#8243; medias=&#8220;82962,82963,82966,82967,82969,82970,82986,83006,83009&#8243; gutter_size=&#8220;1&#8243; media_items=&#8220;media,icon&#8220; screen_lg=&#8220;1000&#8243; screen_md=&#8220;600&#8243; screen_sm=&#8220;480&#8243; single_width=&#8220;3&#8243; images_size=&#8220;three-two&#8220; single_back_color=&#8220;color-632047&#8243; single_overlay_opacity=&#8220;50&#8243; single_text_anim_type=&#8220;btt&#8220; single_h_align=&#8220;center&#8220; single_padding=&#8220;2&#8243; single_icon=&#8220;fa fa-search3&#8243; single_border=&#8220;yes&#8220; single_css_animation=&#8220;bottom-t-top&#8220; single_animation_delay=&#8220;200&#8243; lbox_caption=&#8220;yes&#8220; no_double_tap=&#8220;yes&#8220; carousel_rtl=&#8220;&#8220; single_title_uppercase=&#8220;&#8220; single_title_bold=&#8220;&#8220; single_title_serif=&#8220;&#8220; onclick=&#8220;link_image&#8220; custom_links_target=&#8220;_self&#8220; items=&#8220;eyI4ODY4X2kiOnsic2luZ2xlX3dpZHRoIjoiNCIsInNpbmdsZV9oZWlnaHQiOiI0In0sIjg4NjJfaSI6eyJzaW5nbGVfd2lkdGgiOiI0Iiwic2luZ2xlX2hlaWdodCI6IjQifSwiODg2MF9pIjp7InNpbmdsZV93aWR0aCI6IjQifX0=&#8220; single_half_padding=&#8220;&#8220; single_no_background=&#8220;&#8220;][\/vc_column][\/vc_row][vc_row row_height_percent=&#8220;0&#8243; override_padding=&#8220;yes&#8220; h_padding=&#8220;2&#8243; top_padding=&#8220;2&#8243; bottom_padding=&#8220;1&#8243; overlay_alpha=&#8220;50&#8243; gutter_size=&#8220;3&#8243; column_width_percent=&#8220;100&#8243; shift_y=&#8220;0&#8243; z_index=&#8220;0&#8243;][vc_column column_width_percent=&#8220;100&#8243; position_vertical=&#8220;middle&#8220; gutter_size=&#8220;4&#8243; overlay_alpha=&#8220;50&#8243; shift_x=&#8220;0&#8243; shift_y=&#8220;0&#8243; shift_y_down=&#8220;0&#8243; z_index=&#8220;0&#8243; medium_width=&#8220;0&#8243; mobile_width=&#8220;0&#8243; width=&#8220;1\/1&#8243;][vc_custom_heading text_font=&#8220;font-762333&#8243; text_weight=&#8220;800&#8243; text_color=&#8220;color-vyce&#8220; css_animation=&#8220;bottom-t-top&#8220; animation_delay=&#8220;400&#8243;]NA\u0160E PR\u00c1CE[\/vc_custom_heading][\/vc_column][\/vc_row][vc_row row_height_percent=&#8220;0&#8243; override_padding=&#8220;yes&#8220; h_padding=&#8220;2&#8243; top_padding=&#8220;2&#8243; bottom_padding=&#8220;2&#8243; overlay_alpha=&#8220;100&#8243; gutter_size=&#8220;100&#8243; column_width_percent=&#8220;100&#8243; shift_y=&#8220;0&#8243; z_index=&#8220;0&#8243; style=&#8220;inherited&#8220;][vc_column column_width_percent=&#8220;100&#8243; align_horizontal=&#8220;align_center&#8220; gutter_size=&#8220;3&#8243; overlay_alpha=&#8220;50&#8243; shift_x=&#8220;0&#8243; shift_y=&#8220;0&#8243; medium_width=&#8220;0&#8243; zoom_width=&#8220;0&#8243; zoom_height=&#8220;0&#8243; width=&#8220;1\/1&#8243;][vc_gallery el_id=&#8220;gallery-3547&#8243; medias=&#8220;83444,83445,83447,83448,83450,83451,83454,83456,83459&#8243; gutter_size=&#8220;1&#8243; media_items=&#8220;media,icon&#8220; screen_lg=&#8220;1000&#8243; screen_md=&#8220;600&#8243; screen_sm=&#8220;480&#8243; single_width=&#8220;3&#8243; images_size=&#8220;three-two&#8220; single_back_color=&#8220;color-632047&#8243; single_overlay_opacity=&#8220;50&#8243; single_text_anim_type=&#8220;btt&#8220; single_h_align=&#8220;center&#8220; single_padding=&#8220;2&#8243; single_icon=&#8220;fa fa-search3&#8243; single_border=&#8220;yes&#8220; single_css_animation=&#8220;bottom-t-top&#8220; single_animation_delay=&#8220;200&#8243; lbox_caption=&#8220;yes&#8220; no_double_tap=&#8220;yes&#8220; carousel_rtl=&#8220;&#8220; single_title_uppercase=&#8220;&#8220; single_title_bold=&#8220;&#8220; single_title_serif=&#8220;&#8220; onclick=&#8220;link_image&#8220; custom_links_target=&#8220;_self&#8220; items=&#8220;eyI4ODY4X2kiOnsic2luZ2xlX3dpZHRoIjoiNCIsInNpbmdsZV9oZWlnaHQiOiI0In0sIjg4NjJfaSI6eyJzaW5nbGVfd2lkdGgiOiI0Iiwic2luZ2xlX2hlaWdodCI6IjQifSwiODg2MF9pIjp7InNpbmdsZV93aWR0aCI6IjQifX0=&#8220; single_half_padding=&#8220;&#8220; single_no_background=&#8220;&#8220;][\/vc_column][\/vc_row][vc_row row_height_percent=&#8220;0&#8243; override_padding=&#8220;yes&#8220; h_padding=&#8220;2&#8243; top_padding=&#8220;5&#8243; bottom_padding=&#8220;5&#8243; overlay_alpha=&#8220;100&#8243; gutter_size=&#8220;100&#8243; column_width_percent=&#8220;100&#8243; shift_y=&#8220;0&#8243; z_index=&#8220;0&#8243; style=&#8220;inherited&#8220;][vc_column column_width_percent=&#8220;100&#8243; align_horizontal=&#8220;align_center&#8220; gutter_size=&#8220;3&#8243; overlay_alpha=&#8220;50&#8243; shift_x=&#8220;0&#8243; shift_y=&#8220;0&#8243; medium_width=&#8220;0&#8243; zoom_width=&#8220;0&#8243; zoom_height=&#8220;0&#8243; width=&#8220;1\/1&#8243;][vc_gallery el_id=&#8220;gallery-3&#8243; medias=&#8220;83473,83474,83475,83476,83477,83478,83479,83480,83481,83482,83483,83484,83485,83486,83487,83488,83489,83490,83491,83492,83493,83494,83495,83496,83497,83498,83499,83500,83501,83502,83503,83504,83505,83506,83509,83510,83511,83512,83513&#8243; gutter_size=&#8220;1&#8243; media_items=&#8220;media,icon&#8220; screen_lg=&#8220;1000&#8243; screen_md=&#8220;600&#8243; screen_sm=&#8220;480&#8243; single_width=&#8220;3&#8243; images_size=&#8220;three-two&#8220; single_overlay_opacity=&#8220;50&#8243; single_text_anim_type=&#8220;btt&#8220; single_h_align=&#8220;center&#8220; single_padding=&#8220;2&#8243; single_icon=&#8220;fa fa-search3&#8243; single_border=&#8220;yes&#8220; single_css_animation=&#8220;bottom-t-top&#8220; single_animation_delay=&#8220;200&#8243; lbox_caption=&#8220;yes&#8220; no_double_tap=&#8220;yes&#8220; carousel_rtl=&#8220;&#8220; single_title_uppercase=&#8220;&#8220; single_title_bold=&#8220;&#8220; single_title_serif=&#8220;&#8220; onclick=&#8220;link_image&#8220; custom_links_target=&#8220;_self&#8220; items=&#8220;eyI4ODY4X2kiOnsic2luZ2xlX3dpZHRoIjoiNCIsInNpbmdsZV9oZWlnaHQiOiI0In0sIjg4NjJfaSI6eyJzaW5nbGVfd2lkdGgiOiI0Iiwic2luZ2xlX2hlaWdodCI6IjQifSwiODg2MF9pIjp7InNpbmdsZV93aWR0aCI6IjQifX0=&#8220; single_half_padding=&#8220;&#8220; single_no_background=&#8220;&#8220;][\/vc_column][\/vc_row][vc_row row_height_percent=&#8220;0&#8243; override_padding=&#8220;yes&#8220; h_padding=&#8220;3&#8243; top_padding=&#8220;3&#8243; bottom_padding=&#8220;3&#8243; back_color=&#8220;color-rgdb&#8220; overlay_alpha=&#8220;50&#8243; gutter_size=&#8220;3&#8243; column_width_use_pixel=&#8220;yes&#8220; border_color=&#8220;color-vyce&#8220; border_style=&#8220;solid&#8220; shift_y=&#8220;0&#8243; z_index=&#8220;0&#8243; row_custom_slug_check=&#8220;yes&#8220; css=&#8220;.vc_custom_1584566715883{border-top-width: 13px !important;border-bottom-width: 13px !important;}&#8220; row_name=&#8220;KONTAKT&#8220; row_custom_slug=&#8220;09&#8243;][vc_column column_width_percent=&#8220;100&#8243; align_horizontal=&#8220;align_center&#8220; gutter_size=&#8220;3&#8243; overlay_alpha=&#8220;50&#8243; shift_x=&#8220;0&#8243; shift_y=&#8220;0&#8243; shift_y_down=&#8220;0&#8243; z_index=&#8220;0&#8243; medium_width=&#8220;0&#8243; mobile_width=&#8220;0&#8243; css_animation=&#8220;bottom-t-top&#8220; animation_delay=&#8220;200&#8243; width=&#8220;1\/1&#8243;][vc_row_inner limit_content=&#8220;&#8220;][vc_column_inner column_width_use_pixel=&#8220;yes&#8220; align_horizontal=&#8220;align_center&#8220; gutter_size=&#8220;2&#8243; style=&#8220;dark&#8220; overlay_alpha=&#8220;50&#8243; shift_x=&#8220;0&#8243; shift_y=&#8220;0&#8243; shift_y_down=&#8220;0&#8243; z_index=&#8220;0&#8243; medium_width=&#8220;0&#8243; mobile_width=&#8220;0&#8243; width=&#8220;1\/1&#8243; column_width_pixel=&#8220;600&#8243;][vc_custom_heading heading_semantic=&#8220;h5&#8243; text_font=&#8220;font-762333&#8243; text_size=&#8220;fontsize-160000&#8243; text_transform=&#8220;uppercase&#8220; text_space=&#8220;fontspace-135905&#8243; text_color=&#8220;color-vyce&#8220;]KONTAKT[\/vc_custom_heading][vc_custom_heading heading_semantic=&#8220;h1&#8243; text_font=&#8220;font-762333&#8243; text_size=&#8220;h1&#8243; text_weight=&#8220;700&#8243; text_space=&#8220;fontspace-781688&#8243; sub_lead=&#8220;yes&#8220;]ZAVOLAJTE ALEBO NAP\u00cd\u0160TE N\u00c1M[\/vc_custom_heading][vc_custom_heading heading_semantic=&#8220;p&#8220; text_font=&#8220;font-762333&#8243; text_size=&#8220;h4&#8243; text_weight=&#8220;700&#8243; text_height=&#8220;fontheight-357766&#8243; text_color=&#8220;color-vyce&#8220; sub_lead=&#8220;yes&#8220;]NON-STOP[\/vc_custom_heading][vc_empty_space empty_h=&#8220;2&#8243;][\/vc_column_inner][\/vc_row_inner][vc_row_inner row_inner_height_percent=&#8220;0&#8243; overlay_alpha=&#8220;50&#8243; gutter_size=&#8220;3&#8243; shift_y=&#8220;0&#8243; z_index=&#8220;0&#8243; mobile_visibility=&#8220;yes&#8220; limit_content=&#8220;&#8220;][vc_column_inner column_width_percent=&#8220;100&#8243; align_horizontal=&#8220;align_center&#8220; gutter_size=&#8220;3&#8243; style=&#8220;dark&#8220; font_family=&#8220;font-762333&#8243; overlay_alpha=&#8220;50&#8243; border_color=&#8220;color-vyce&#8220; border_style=&#8220;solid&#8220; shift_x=&#8220;0&#8243; shift_y=&#8220;0&#8243; shift_y_down=&#8220;0&#8243; z_index=&#8220;0&#8243; medium_width=&#8220;0&#8243; mobile_width=&#8220;0&#8243; width=&#8220;1\/4&#8243; css=&#8220;.vc_custom_1584566527416{border-top-width: 3px !important;border-right-width: 3px !important;border-bottom-width: 3px !important;border-left-width: 3px !important;}&#8220;][vc_icon icon=&#8220;fa fa-phone&#8220; icon_color=&#8220;accent&#8220; size=&#8220;fa-4x&#8220; heading_semantic=&#8220;h5&#8243; text_font=&#8220;font-762333&#8243; text_size=&#8220;h4&#8243; text_weight=&#8220;700&#8243; linked_title=&#8220;yes&#8220; title=&#8220;+421 903 459 131&#8243; link=&#8220;url:tel%3A%2B421903459131|||&#8220;][\/vc_icon][vc_button size=&#8220;btn-link&#8220; border_width=&#8220;0&#8243; link=&#8220;url:tel%3A%2B421903459131|||&#8220;]ZAVOLAJTE N\u00c1M[\/vc_button][\/vc_column_inner][vc_column_inner column_width_percent=&#8220;100&#8243; align_horizontal=&#8220;align_center&#8220; gutter_size=&#8220;3&#8243; style=&#8220;dark&#8220; font_family=&#8220;font-762333&#8243; overlay_alpha=&#8220;50&#8243; border_color=&#8220;color-vyce&#8220; border_style=&#8220;solid&#8220; shift_x=&#8220;0&#8243; shift_y=&#8220;0&#8243; shift_y_down=&#8220;0&#8243; z_index=&#8220;0&#8243; medium_width=&#8220;0&#8243; mobile_width=&#8220;0&#8243; width=&#8220;1\/4&#8243; css=&#8220;.vc_custom_1584566569746{border-top-width: 3px !important;border-right-width: 3px !important;border-bottom-width: 3px !important;border-left-width: 3px !important;}&#8220;][vc_icon icon=&#8220;fa fa-mail&#8220; icon_color=&#8220;accent&#8220; size=&#8220;fa-4x&#8220; heading_semantic=&#8220;h5&#8243; text_font=&#8220;font-762333&#8243; text_size=&#8220;h4&#8243; text_weight=&#8220;700&#8243; linked_title=&#8220;yes&#8220; title=&#8220;info@profi-krtko.sk&#8220; link=&#8220;url:mailto%3Ainfo%40profi-krtko.sk|||&#8220;][\/vc_icon][vc_button size=&#8220;btn-link&#8220; border_width=&#8220;0&#8243; link=&#8220;url:mailto%3Ainfo%40profi-krtko.sk|||&#8220;]NAP\u00cd\u0160TE N\u00c1M[\/vc_button][\/vc_column_inner][vc_column_inner width=&#8220;2\/4&#8243;]<div role=\"form\" class=\"wpcf7\" id=\"wpcf7-f83020-o1\" lang=\"sk-SK\" dir=\"ltr\">\n<div class=\"screen-reader-response\"><p role=\"status\" aria-live=\"polite\" aria-atomic=\"true\"><\/p> <ul><\/ul><\/div>\n<form action=\"\/index.php?rest_route=%2Fwp%2Fv2%2Fpages%2F83426#wpcf7-f83020-o1\" method=\"post\" class=\"wpcf7-form init\" novalidate=\"novalidate\" data-status=\"init\">\n<div style=\"display: none;\">\n<input type=\"hidden\" name=\"_wpcf7\" value=\"83020\" \/>\n<input type=\"hidden\" name=\"_wpcf7_version\" value=\"5.5.2\" \/>\n<input type=\"hidden\" name=\"_wpcf7_locale\" value=\"sk_SK\" \/>\n<input type=\"hidden\" name=\"_wpcf7_unit_tag\" value=\"wpcf7-f83020-o1\" \/>\n<input type=\"hidden\" name=\"_wpcf7_container_post\" value=\"0\" \/>\n<input type=\"hidden\" name=\"_wpcf7_posted_data_hash\" value=\"\" \/>\n<\/div>\n<div class=\"wpcf7-inline-wrapper\">\n<p class=\"wpcf7-inline-field\"><span class=\"wpcf7-form-control-wrap your-firstname\"><input type=\"text\" name=\"your-firstname\" value=\"\" size=\"40\" class=\"wpcf7-form-control wpcf7-text wpcf7-validates-as-required\" aria-required=\"true\" aria-invalid=\"false\" placeholder=\"MENO a PRIEZVISKO\" \/><\/span><\/p>\n<p class=\"wpcf7-inline-field\"><span class=\"wpcf7-form-control-wrap your-email\"><input type=\"email\" name=\"your-email\" value=\"\" size=\"40\" class=\"wpcf7-form-control wpcf7-text wpcf7-email wpcf7-validates-as-required wpcf7-validates-as-email\" aria-required=\"true\" aria-invalid=\"false\" placeholder=\"E-MAIL\" \/><\/span> <\/p>\n<\/div>\n<p><span class=\"wpcf7-form-control-wrap your-message\"><textarea name=\"your-message\" cols=\"40\" rows=\"5\" class=\"wpcf7-form-control wpcf7-textarea\" aria-invalid=\"false\" placeholder=\"SPR\u00c1VA\"><\/textarea><\/span> <\/p>\n<\/p>\n<div id=\"cf7sr-69ecceb4804da\" class=\"cf7sr-g-recaptcha\" data-theme=\"light\" data-type=\"image\" data-size=\"normal\" data-sitekey=\"6LdPS-IUAAAAABqc1PXXAZWplQfXqA2PLiXC8co-\"><\/div><span class=\"wpcf7-form-control-wrap cf7sr-g-recaptcha-invalid\"><\/span><br \/>\n<input type=\"submit\" value=\"ODOSLA\u0164\" class=\"wpcf7-form-control has-spinner wpcf7-submit btn btn-accent\" \/><\/p>\n<div class=\"wpcf7-response-output\" aria-hidden=\"true\"><\/div><\/form><\/div>[\/vc_column_inner][\/vc_row_inner][vc_row_inner row_inner_height_percent=&#8220;0&#8243; overlay_alpha=&#8220;50&#8243; gutter_size=&#8220;3&#8243; shift_y=&#8220;0&#8243; z_index=&#8220;0&#8243; desktop_visibility=&#8220;yes&#8220; medium_visibility=&#8220;yes&#8220; limit_content=&#8220;&#8220;][vc_column_inner column_width_percent=&#8220;100&#8243; align_horizontal=&#8220;align_center&#8220; gutter_size=&#8220;3&#8243; style=&#8220;dark&#8220; font_family=&#8220;font-762333&#8243; overlay_alpha=&#8220;50&#8243; shift_x=&#8220;0&#8243; shift_y=&#8220;0&#8243; shift_y_down=&#8220;0&#8243; z_index=&#8220;0&#8243; medium_width=&#8220;0&#8243; mobile_width=&#8220;0&#8243; width=&#8220;1\/4&#8243;][vc_icon icon=&#8220;fa fa-phone&#8220; icon_color=&#8220;accent&#8220; size=&#8220;fa-4x&#8220; heading_semantic=&#8220;h5&#8243; text_font=&#8220;font-762333&#8243; text_size=&#8220;h4&#8243; text_weight=&#8220;700&#8243; linked_title=&#8220;yes&#8220; title=&#8220;+421 903 459 131&#8243; link=&#8220;url:tel%3A%2B421903459131|||&#8220;][\/vc_icon][\/vc_column_inner][vc_column_inner column_width_percent=&#8220;100&#8243; align_horizontal=&#8220;align_center&#8220; gutter_size=&#8220;3&#8243; style=&#8220;dark&#8220; font_family=&#8220;font-762333&#8243; overlay_alpha=&#8220;50&#8243; border_style=&#8220;solid&#8220; shift_x=&#8220;0&#8243; shift_y=&#8220;0&#8243; shift_y_down=&#8220;0&#8243; z_index=&#8220;0&#8243; medium_width=&#8220;0&#8243; mobile_width=&#8220;0&#8243; width=&#8220;1\/4&#8243;][vc_icon icon=&#8220;fa fa-mail&#8220; icon_color=&#8220;accent&#8220; size=&#8220;fa-4x&#8220; heading_semantic=&#8220;h5&#8243; text_font=&#8220;font-762333&#8243; text_size=&#8220;h4&#8243; text_weight=&#8220;700&#8243; linked_title=&#8220;yes&#8220; title=&#8220;info@profi-krtko.sk&#8220; link=&#8220;url:mailto%3Ainfo%40profi-krtko.sk|||&#8220;][\/vc_icon][\/vc_column_inner][vc_column_inner width=&#8220;2\/4&#8243;]<div role=\"form\" class=\"wpcf7\" id=\"wpcf7-f83020-o2\" lang=\"sk-SK\" dir=\"ltr\">\n<div class=\"screen-reader-response\"><p role=\"status\" aria-live=\"polite\" aria-atomic=\"true\"><\/p> <ul><\/ul><\/div>\n<form action=\"\/index.php?rest_route=%2Fwp%2Fv2%2Fpages%2F83426#wpcf7-f83020-o2\" method=\"post\" class=\"wpcf7-form init\" novalidate=\"novalidate\" data-status=\"init\">\n<div style=\"display: none;\">\n<input type=\"hidden\" name=\"_wpcf7\" value=\"83020\" \/>\n<input type=\"hidden\" name=\"_wpcf7_version\" value=\"5.5.2\" \/>\n<input type=\"hidden\" name=\"_wpcf7_locale\" value=\"sk_SK\" \/>\n<input type=\"hidden\" name=\"_wpcf7_unit_tag\" value=\"wpcf7-f83020-o2\" \/>\n<input type=\"hidden\" name=\"_wpcf7_container_post\" value=\"0\" \/>\n<input type=\"hidden\" name=\"_wpcf7_posted_data_hash\" value=\"\" \/>\n<\/div>\n<div class=\"wpcf7-inline-wrapper\">\n<p class=\"wpcf7-inline-field\"><span class=\"wpcf7-form-control-wrap your-firstname\"><input type=\"text\" name=\"your-firstname\" value=\"\" size=\"40\" class=\"wpcf7-form-control wpcf7-text wpcf7-validates-as-required\" aria-required=\"true\" aria-invalid=\"false\" placeholder=\"MENO a PRIEZVISKO\" \/><\/span><\/p>\n<p class=\"wpcf7-inline-field\"><span class=\"wpcf7-form-control-wrap your-email\"><input type=\"email\" name=\"your-email\" value=\"\" size=\"40\" class=\"wpcf7-form-control wpcf7-text wpcf7-email wpcf7-validates-as-required wpcf7-validates-as-email\" aria-required=\"true\" aria-invalid=\"false\" placeholder=\"E-MAIL\" \/><\/span> <\/p>\n<\/div>\n<p><span class=\"wpcf7-form-control-wrap your-message\"><textarea name=\"your-message\" cols=\"40\" rows=\"5\" class=\"wpcf7-form-control wpcf7-textarea\" aria-invalid=\"false\" placeholder=\"SPR\u00c1VA\"><\/textarea><\/span> <\/p>\n<\/p>\n<div id=\"cf7sr-69ecceb480860\" class=\"cf7sr-g-recaptcha\" data-theme=\"light\" data-type=\"image\" data-size=\"normal\" data-sitekey=\"6LdPS-IUAAAAABqc1PXXAZWplQfXqA2PLiXC8co-\"><\/div><span class=\"wpcf7-form-control-wrap cf7sr-g-recaptcha-invalid\"><\/span><br \/>\n<input type=\"submit\" value=\"ODOSLA\u0164\" class=\"wpcf7-form-control has-spinner wpcf7-submit btn btn-accent\" \/><\/p>\n<div class=\"wpcf7-response-output\" aria-hidden=\"true\"><\/div><\/form><\/div>[\/vc_column_inner][\/vc_row_inner][\/vc_column][\/vc_row]<\/p>\n","protected":false},"excerpt":{"rendered":"<p>[vc_row row_height_percent=&#8220;0&#8243; override_padding=&#8220;yes&#8220; h_padding=&#8220;2&#8243; top_padding=&#8220;2&#8243; bottom_padding=&#8220;1&#8243; overlay_alpha=&#8220;50&#8243; gutter_size=&#8220;3&#8243; column_width_percent=&#8220;100&#8243; shift_y=&#8220;0&#8243; z_index=&#8220;0&#8243;][vc_column column_width_percent=&#8220;100&#8243; position_vertical=&#8220;middle&#8220; gutter_size=&#8220;4&#8243; overlay_alpha=&#8220;50&#8243; shift_x=&#8220;0&#8243; shift_y=&#8220;0&#8243; shift_y_down=&#8220;0&#8243; z_index=&#8220;0&#8243; medium_width=&#8220;0&#8243; [&hellip;]<\/p>\n","protected":false},"author":1,"featured_media":0,"parent":0,"menu_order":0,"comment_status":"closed","ping_status":"closed","template":"","meta":{"_monsterinsights_skip_tracking":false,"_monsterinsights_sitenote_active":false,"_monsterinsights_sitenote_note":"","_monsterinsights_sitenote_category":0},"yoast_head":"<!-- This site is optimized with the Yoast SEO plugin v17.5 - https:\/\/yoast.com\/wordpress\/plugins\/seo\/ -->\n<title>gal\u00e9ria - PROFI-KRTKO.SK<\/title>\n<meta name=\"description\" content=\"Krtkovanie, \u010distenie kanaliz\u00e1cie, monitoring, lokaliz\u00e1cia, saco kanaliza\u010dn\u00e9 vozidlo nonstop, pie\u0161\u0165any a okolie.\" \/>\n<meta name=\"robots\" content=\"index, follow, max-snippet:-1, max-image-preview:large, max-video-preview:-1\" \/>\n<link rel=\"canonical\" href=\"https:\/\/www.profi-krtko.sk\/?page_id=83426\" \/>\n<meta property=\"og:locale\" content=\"sk_SK\" \/>\n<meta property=\"og:type\" content=\"article\" \/>\n<meta property=\"og:title\" content=\"gal\u00e9ria - PROFI-KRTKO.SK\" \/>\n<meta property=\"og:description\" content=\"Krtkovanie, \u010distenie kanaliz\u00e1cie, monitoring, lokaliz\u00e1cia, saco kanaliza\u010dn\u00e9 vozidlo nonstop, pie\u0161\u0165any a okolie.\" \/>\n<meta property=\"og:url\" content=\"https:\/\/www.profi-krtko.sk\/?page_id=83426\" \/>\n<meta property=\"og:site_name\" content=\"PROFI-KRTKO.SK\" \/>\n<meta property=\"article:modified_time\" content=\"2020-04-07T18:43:04+00:00\" \/>\n<meta name=\"twitter:card\" content=\"summary_large_image\" \/>\n<meta name=\"twitter:label1\" content=\"Predpokladan\u00fd \u010das \u010d\u00edtania\" \/>\n\t<meta name=\"twitter:data1\" content=\"7 min\u00fat\" \/>\n<script type=\"application\/ld+json\" class=\"yoast-schema-graph\">{\"@context\":\"https:\/\/schema.org\",\"@graph\":[{\"@type\":\"WebSite\",\"@id\":\"https:\/\/www.profi-krtko.sk\/#website\",\"url\":\"https:\/\/www.profi-krtko.sk\/\",\"name\":\"PROFI-KRTKO.SK\",\"description\":\"Krtkovanie, \\u010distenie kanaliz\\u00e1cie - elektromechanick\\u00e9 a hydromechanick\\u00e9, monitoring, lokaliz\\u00e1cia, saco kanaliza\\u010dn\\u00e9 vozidlo. NON STOP - PIE\\u0160\\u0164ANY A OKOLIE\\u00e1nka\",\"potentialAction\":[{\"@type\":\"SearchAction\",\"target\":{\"@type\":\"EntryPoint\",\"urlTemplate\":\"https:\/\/www.profi-krtko.sk\/?s={search_term_string}\"},\"query-input\":\"required name=search_term_string\"}],\"inLanguage\":\"sk-SK\"},{\"@type\":\"WebPage\",\"@id\":\"https:\/\/www.profi-krtko.sk\/?page_id=83426#webpage\",\"url\":\"https:\/\/www.profi-krtko.sk\/?page_id=83426\",\"name\":\"gal\\u00e9ria - PROFI-KRTKO.SK\",\"isPartOf\":{\"@id\":\"https:\/\/www.profi-krtko.sk\/#website\"},\"datePublished\":\"2020-04-07T16:49:30+00:00\",\"dateModified\":\"2020-04-07T18:43:04+00:00\",\"description\":\"Krtkovanie, \\u010distenie kanaliz\\u00e1cie, monitoring, lokaliz\\u00e1cia, saco kanaliza\\u010dn\\u00e9 vozidlo nonstop, pie\\u0161\\u0165any a okolie.\",\"breadcrumb\":{\"@id\":\"https:\/\/www.profi-krtko.sk\/?page_id=83426#breadcrumb\"},\"inLanguage\":\"sk-SK\",\"potentialAction\":[{\"@type\":\"ReadAction\",\"target\":[\"https:\/\/www.profi-krtko.sk\/?page_id=83426\"]}]},{\"@type\":\"BreadcrumbList\",\"@id\":\"https:\/\/www.profi-krtko.sk\/?page_id=83426#breadcrumb\",\"itemListElement\":[{\"@type\":\"ListItem\",\"position\":1,\"name\":\"Home\",\"item\":\"https:\/\/www.profi-krtko.sk\/\"},{\"@type\":\"ListItem\",\"position\":2,\"name\":\"gal\\u00e9ria\"}]}]}<\/script>\n<!-- \/ Yoast SEO plugin. -->","yoast_head_json":{"title":"gal\u00e9ria - PROFI-KRTKO.SK","description":"Krtkovanie, \u010distenie kanaliz\u00e1cie, monitoring, lokaliz\u00e1cia, saco kanaliza\u010dn\u00e9 vozidlo nonstop, pie\u0161\u0165any a okolie.","robots":{"index":"index","follow":"follow","max-snippet":"max-snippet:-1","max-image-preview":"max-image-preview:large","max-video-preview":"max-video-preview:-1"},"canonical":"https:\/\/www.profi-krtko.sk\/?page_id=83426","og_locale":"sk_SK","og_type":"article","og_title":"gal\u00e9ria - PROFI-KRTKO.SK","og_description":"Krtkovanie, \u010distenie kanaliz\u00e1cie, monitoring, lokaliz\u00e1cia, saco kanaliza\u010dn\u00e9 vozidlo nonstop, pie\u0161\u0165any a okolie.","og_url":"https:\/\/www.profi-krtko.sk\/?page_id=83426","og_site_name":"PROFI-KRTKO.SK","article_modified_time":"2020-04-07T18:43:04+00:00","twitter_card":"summary_large_image","twitter_misc":{"Predpokladan\u00fd \u010das \u010d\u00edtania":"7 min\u00fat"},"schema":{"@context":"https:\/\/schema.org","@graph":[{"@type":"WebSite","@id":"https:\/\/www.profi-krtko.sk\/#website","url":"https:\/\/www.profi-krtko.sk\/","name":"PROFI-KRTKO.SK","description":"Krtkovanie, \u010distenie kanaliz\u00e1cie - elektromechanick\u00e9 a hydromechanick\u00e9, monitoring, lokaliz\u00e1cia, saco kanaliza\u010dn\u00e9 vozidlo. NON STOP - PIE\u0160\u0164ANY A OKOLIE\u00e1nka","potentialAction":[{"@type":"SearchAction","target":{"@type":"EntryPoint","urlTemplate":"https:\/\/www.profi-krtko.sk\/?s={search_term_string}"},"query-input":"required name=search_term_string"}],"inLanguage":"sk-SK"},{"@type":"WebPage","@id":"https:\/\/www.profi-krtko.sk\/?page_id=83426#webpage","url":"https:\/\/www.profi-krtko.sk\/?page_id=83426","name":"gal\u00e9ria - PROFI-KRTKO.SK","isPartOf":{"@id":"https:\/\/www.profi-krtko.sk\/#website"},"datePublished":"2020-04-07T16:49:30+00:00","dateModified":"2020-04-07T18:43:04+00:00","description":"Krtkovanie, \u010distenie kanaliz\u00e1cie, monitoring, lokaliz\u00e1cia, saco kanaliza\u010dn\u00e9 vozidlo nonstop, pie\u0161\u0165any a okolie.","breadcrumb":{"@id":"https:\/\/www.profi-krtko.sk\/?page_id=83426#breadcrumb"},"inLanguage":"sk-SK","potentialAction":[{"@type":"ReadAction","target":["https:\/\/www.profi-krtko.sk\/?page_id=83426"]}]},{"@type":"BreadcrumbList","@id":"https:\/\/www.profi-krtko.sk\/?page_id=83426#breadcrumb","itemListElement":[{"@type":"ListItem","position":1,"name":"Home","item":"https:\/\/www.profi-krtko.sk\/"},{"@type":"ListItem","position":2,"name":"gal\u00e9ria"}]}]}},"_links":{"self":[{"href":"https:\/\/www.profi-krtko.sk\/index.php?rest_route=\/wp\/v2\/pages\/83426"}],"collection":[{"href":"https:\/\/www.profi-krtko.sk\/index.php?rest_route=\/wp\/v2\/pages"}],"about":[{"href":"https:\/\/www.profi-krtko.sk\/index.php?rest_route=\/wp\/v2\/types\/page"}],"author":[{"embeddable":true,"href":"https:\/\/www.profi-krtko.sk\/index.php?rest_route=\/wp\/v2\/users\/1"}],"replies":[{"embeddable":true,"href":"https:\/\/www.profi-krtko.sk\/index.php?rest_route=%2Fwp%2Fv2%2Fcomments&post=83426"}],"version-history":[{"count":6,"href":"https:\/\/www.profi-krtko.sk\/index.php?rest_route=\/wp\/v2\/pages\/83426\/revisions"}],"predecessor-version":[{"id":83472,"href":"https:\/\/www.profi-krtko.sk\/index.php?rest_route=\/wp\/v2\/pages\/83426\/revisions\/83472"}],"wp:attachment":[{"href":"https:\/\/www.profi-krtko.sk\/index.php?rest_route=%2Fwp%2Fv2%2Fmedia&parent=83426"}],"curies":[{"name":"wp","href":"https:\/\/api.w.org\/{rel}","templated":true}]}}